{"id":15,"date":"2019-02-13T16:37:07","date_gmt":"2019-02-13T16:37:07","guid":{"rendered":"http:\/\/openprehist.archaeological.science\/?page_id=15"},"modified":"2022-07-14T14:36:59","modified_gmt":"2022-07-14T14:36:59","slug":"about","status":"publish","type":"page","link":"https:\/\/ospa.archaeological.science\/index.php\/about\/","title":{"rendered":"About"},"content":{"rendered":"\n<h2>Open Series in Prehistoric Archaeology (OSPA)<\/h2>\n\n\n\n<p class=\"has-text-align-left\">Open Series in Prehistoric Archaeology (OSPA) is an international, peer-reviewed series of monographs, conference proceedings and edited volumes, which enables Gold Open Access and Open Data publication of high-quality research with a focus on European prehistoric archaeology. In the spirit of Open Science, both innovative, data-driven, empirical research as well as novel theoretical and methodological approaches will be made freely accessible to researchers in digital form online while sustainable print-on-demand paper copies will also be available. Our principles are closely aligned with the scientific need for accessibility, transparency, reproducibility and independence of current, globally linked research community.  <\/p>\n\n\n\n<p>Open Series in Prehistoric Archaeology (OSPA) ist eine internationale Schriftenreihe f\u00fcr Monographien, Tagungs- und Sammelb\u00e4nde mit wissenschaftlicher Qualit\u00e4tssicherung (peer review), welche die Gold Open Access und Open Data Ver\u00f6ffentlichung von qualitativ hochwertigen Forschungsergebnissen erm\u00f6glicht, wobei wir unser Hauptaugenmerk auf die europ\u00e4ische pr\u00e4historische Arch\u00e4ologie richten. Im Geiste von Open Science werden innovative datengetriebene empirische Forschungsergebnisse sowie neue theoretische und methodische Ans\u00e4tze in digitalem Format online f\u00fcr die Forschungsgemeinschaft frei zug\u00e4nglich gemacht und gleichzeitig nachhaltige Print-on-Demand Druckexemplare produziert. Wir orientieren uns eng an den wissenschaftlichen Bed\u00fcrfnissen nach Zug\u00e4nglichkeit, Transparenz, Reproduzierbarkeit und Unabh\u00e4ngigkeit aktueller global verflochtener Forschungsgemeinschaften.  <\/p>\n\n\n\n<h2>About the Series<\/h2>\n\n\n\n<p>The Open Series in Prehistoric Archaeology is an open platform for the publication of novel data, empirical research results and interpretations as well as theoretical approaches and methodologies in Prehistoric Archaeology, with a main focus on the European past. We publish<\/p>\n\n\n\n<ul><li>E-books and print-on-demand copies<\/li><li>Gold Open Access<\/li><li>Open Data<\/li><li>Reproducible Research<\/li><li><g class=\"gr_ gr_10 gr-alert gr_spell gr_inline_cards gr_run_anim ContextualSpelling ins-del multiReplace\" id=\"10\" data-gr-id=\"10\">Peer reviewed<\/g> manuscripts<\/li><li>In English and German<\/li><li>Single authored monographs, doctoral and postdoctoral theses<\/li><li>Thematic anthologies of projects, workshops and conferences<\/li><\/ul>\n\n\n\n<h3>Editorial Team<\/h3>\n\n\n\n<p>Caroline Heitz, Martin Hinz, Mirco Brunner, Julian Laabs, Albert Hafner<\/p>\n\n\n\n<h3>Layout<\/h3>\n\n\n\n<p>Editorial team &amp; <a rel=\"noreferrer noopener\" href=\"https:\/\/www.sidestone.com\/series\/open-series-in-prehistoric-archaeology\" target=\"_blank\">Sidestone Press<\/a><\/p>\n\n\n\n<h3><a href=\"https:\/\/github.com\/carolineheitz\/OSPA\/blob\/master\/Text%20Homepage\/Texts_about_Series.md#publisher\"><\/a>Publisher<\/h3>\n\n\n\n<p><a href=\"https:\/\/www.sidestone.com\/series\/open-series-in-prehistoric-archaeology\" target=\"_blank\" rel=\"noreferrer noopener\">Sidestone Press<\/a><\/p>\n","protected":false},"excerpt":{"rendered":"<p>Open Series in Prehistoric Archaeology (OSPA) Open Series in Prehistoric Archaeology (OSPA) is an international, peer-reviewed series of monographs, conference proceedings and edited volumes, which enables Gold Open Access and Open Data publication of high-quality research with a focus on European prehistoric archaeology. In the&hellip;<\/p>\n","protected":false},"author":1,"featured_media":0,"parent":0,"menu_order":0,"comment_status":"closed","ping_status":"closed","template":"","meta":[],"jetpack_sharing_enabled":true,"jetpack_shortlink":"https:\/\/wp.me\/PaIZID-f","_links":{"self":[{"href":"https:\/\/ospa.archaeological.science\/index.php\/wp-json\/wp\/v2\/pages\/15"}],"collection":[{"href":"https:\/\/ospa.archaeological.science\/index.php\/wp-json\/wp\/v2\/pages"}],"about":[{"href":"https:\/\/ospa.archaeological.science\/index.php\/wp-json\/wp\/v2\/types\/page"}],"author":[{"embeddable":true,"href":"https:\/\/ospa.archaeological.science\/index.php\/wp-json\/wp\/v2\/users\/1"}],"replies":[{"embeddable":true,"href":"https:\/\/ospa.archaeological.science\/index.php\/wp-json\/wp\/v2\/comments?post=15"}],"version-history":[{"count":18,"href":"https:\/\/ospa.archaeological.science\/index.php\/wp-json\/wp\/v2\/pages\/15\/revisions"}],"predecessor-version":[{"id":490,"href":"https:\/\/ospa.archaeological.science\/index.php\/wp-json\/wp\/v2\/pages\/15\/revisions\/490"}],"wp:attachment":[{"href":"https:\/\/ospa.archaeological.science\/index.php\/wp-json\/wp\/v2\/media?parent=15"}],"curies":[{"name":"wp","href":"https:\/\/api.w.org\/{rel}","templated":true}]}}